{"id":894,"date":"2024-04-09T08:02:36","date_gmt":"2024-04-09T08:02:36","guid":{"rendered":"https:\/\/comflair.afo-staging.nl\/home\/"},"modified":"2025-10-13T18:36:07","modified_gmt":"2025-10-13T18:36:07","slug":"home","status":"publish","type":"page","link":"https:\/\/comflair.com\/de\/","title":{"rendered":"Home"},"content":{"rendered":"<section class=\"header-blok\">\n    <div class=\"header-image\" style=\"\">\n        <div class=\"header-default-bg usps-active \">\n            <div class=\"container header-flex\">\n                <div class=\"title-desc\">\n                    <h1>Komfortl\u00f6sungen f\u00fcr Ihre Sitze<\/h1>\n                                            <p>Als Lieferant unterst\u00fctzen wir <strong>Sitzhersteller<\/strong> dabei, ihre Produkte mit Funktionen wie <strong>Sitzheizung, Bel\u00fcftung, Massagesystemen, Lordosenst\u00fctzen <\/strong>und<strong> Luftkomfortsystemen aufzuwerten.<\/strong><\/p>\n                                    <\/div>\n\n                                    <div class=\"usps-list\">\n                        <table>\n                                                                                        <tr>\n                                    <td><svg id=\"Group_64\" data-name=\"Group 64\" xmlns=\"http:\/\/www.w3.org\/2000\/svg\" xmlns:xlink=\"http:\/\/www.w3.org\/1999\/xlink\" width=\"13.932\" height=\"10.818\" viewBox=\"0 0 13.932 10.818\">\n                                            <defs>\n                                                <clipPath id=\"clip-path\">\n                                                <rect id=\"Rectangle_126\" data-name=\"Rectangle 126\" width=\"13.932\" height=\"10.818\" fill=\"#fff\"\/>\n                                                <\/clipPath>\n                                            <\/defs>\n                                            <g id=\"Group_63\" data-name=\"Group 63\" clip-path=\"url(#clip-path)\">\n                                                <path id=\"Path_2284\" data-name=\"Path 2284\" d=\"M5.335,10.609a.711.711,0,0,1-1.006,0L.313,6.592a1.066,1.066,0,0,1,0-1.509l.5-.5a1.067,1.067,0,0,1,1.509,0L4.832,7.088,11.607.312a1.067,1.067,0,0,1,1.509,0l.5.5a1.067,1.067,0,0,1,0,1.509Z\" transform=\"translate(0 0)\" fill=\"#fff\"\/>\n                                            <\/g>\n                                        <\/svg><\/td>\n                                    <td>Ma\u00dfgeschneiderte Systeme <\/td>\n                                <\/tr>\n                                                            <tr>\n                                    <td><svg id=\"Group_64\" data-name=\"Group 64\" xmlns=\"http:\/\/www.w3.org\/2000\/svg\" xmlns:xlink=\"http:\/\/www.w3.org\/1999\/xlink\" width=\"13.932\" height=\"10.818\" viewBox=\"0 0 13.932 10.818\">\n                                            <defs>\n                                                <clipPath id=\"clip-path\">\n                                                <rect id=\"Rectangle_126\" data-name=\"Rectangle 126\" width=\"13.932\" height=\"10.818\" fill=\"#fff\"\/>\n                                                <\/clipPath>\n                                            <\/defs>\n                                            <g id=\"Group_63\" data-name=\"Group 63\" clip-path=\"url(#clip-path)\">\n                                                <path id=\"Path_2284\" data-name=\"Path 2284\" d=\"M5.335,10.609a.711.711,0,0,1-1.006,0L.313,6.592a1.066,1.066,0,0,1,0-1.509l.5-.5a1.067,1.067,0,0,1,1.509,0L4.832,7.088,11.607.312a1.067,1.067,0,0,1,1.509,0l.5.5a1.067,1.067,0,0,1,0,1.509Z\" transform=\"translate(0 0)\" fill=\"#fff\"\/>\n                                            <\/g>\n                                        <\/svg><\/td>\n                                    <td>Entwickelt und montiert in den Niederlanden<\/td>\n                                <\/tr>\n                                                            <tr>\n                                    <td><svg id=\"Group_64\" data-name=\"Group 64\" xmlns=\"http:\/\/www.w3.org\/2000\/svg\" xmlns:xlink=\"http:\/\/www.w3.org\/1999\/xlink\" width=\"13.932\" height=\"10.818\" viewBox=\"0 0 13.932 10.818\">\n                                            <defs>\n                                                <clipPath id=\"clip-path\">\n                                                <rect id=\"Rectangle_126\" data-name=\"Rectangle 126\" width=\"13.932\" height=\"10.818\" fill=\"#fff\"\/>\n                                                <\/clipPath>\n                                            <\/defs>\n                                            <g id=\"Group_63\" data-name=\"Group 63\" clip-path=\"url(#clip-path)\">\n                                                <path id=\"Path_2284\" data-name=\"Path 2284\" d=\"M5.335,10.609a.711.711,0,0,1-1.006,0L.313,6.592a1.066,1.066,0,0,1,0-1.509l.5-.5a1.067,1.067,0,0,1,1.509,0L4.832,7.088,11.607.312a1.067,1.067,0,0,1,1.509,0l.5.5a1.067,1.067,0,0,1,0,1.509Z\" transform=\"translate(0 0)\" fill=\"#fff\"\/>\n                                            <\/g>\n                                        <\/svg><\/td>\n                                    <td>Kleine Produktionsmengen \u2013 perfekt auf Ihre Anforderungen zugeschnitten<br><br><\/td>\n                                <\/tr>\n                                                    <\/table>\n                    <\/div>\n                            <\/div>\n        <\/div>\n    <\/div>\n<\/section>\n\n<section class=\"categorieen-blok \">\r\n\r\n    \r\n    <div class=\"container\"> \r\n                            <div class=\"category-item\">\r\n                <a href=\"\/automotive\">\r\n                    <img decoding=\"async\" src=\"https:\/\/comflair.com\/wp-content\/uploads\/2024\/12\/automotive-df.png\">\r\n                <\/a>\r\n                <div class=\"category-content\">\r\n                    <a class=\"title-link\" href=\"\/automotive\">\r\n                        <h4>Automotive<\/h4>\r\n                    <\/a>\r\n                    <p>Ein Fahrersitz muss maximalen Komfort bieten \u2013 besonders im professionellen Einsatz. Als Produzent von Sitzen f\u00fcr Autos, Busse oder auch Spezialfahrzeuge m\u00fcssen sie Sitze entwickeln, die <strong>h\u00f6chsten Anforderungen<\/strong> gerecht werden. Wir unterst\u00fctzen Sie dabei!<\/p>\n                    <a class=\"blue-btn\" href=\"\/automotive\">Weiterlessen<\/a>\r\n                <\/div> \r\n            <\/div>\r\n                    <div class=\"category-item\">\r\n                <a href=\"\/home-furniture\">\r\n                    <img decoding=\"async\" src=\"https:\/\/comflair.com\/wp-content\/uploads\/2024\/10\/home-furniture.png\">\r\n                <\/a>\r\n                <div class=\"category-content\">\r\n                    <a class=\"title-link\" href=\"\/home-furniture\">\r\n                        <h4>Sitzm\u00f6bel<\/h4>\r\n                    <\/a>\r\n                    <p>Elegante oder <em>luxuri\u00f6se<\/em> M\u00f6bel? Bei allem gibt es einen Unterschied \u2013 und diesen definieren wir gemeinsam mit Ihnen. Zusammen statten wir Ihre Sitzm\u00f6bel mit Funktionen wie Heiz-, Massage- und Lordosenst\u00fctze aus, <strong>erg\u00e4nzt durch eine<\/strong> <strong>benutzerfreundliche <\/strong>und intuitive Steuerung.<\/p>\n                    <a class=\"blue-btn\" href=\"\/home-furniture\">Weiterlessen<\/a>\r\n                <\/div> \r\n            <\/div>\r\n                    <div class=\"category-item\">\r\n                <a href=\"\/office-furniture\">\r\n                    <img decoding=\"async\" src=\"https:\/\/comflair.com\/wp-content\/uploads\/2024\/10\/office-furniture.png\">\r\n                <\/a>\r\n                <div class=\"category-content\">\r\n                    <a class=\"title-link\" href=\"\/office-furniture\">\r\n                        <h4>B\u00fcrom\u00f6bel<\/h4>\r\n                    <\/a>\r\n                    <p>Den ganzen Tag auf einem B\u00fcrostuhl zu sitzen ist ungesund \u2013 doch leider oft Realit\u00e4t in der Arbeitswelt. Wir unterst\u00fctzen B\u00fcrostuhlhersteller dabei, St\u00fchle zu entwickeln, <strong>die eine bessere Sitzposition f\u00f6rdern und das Wohlbefinden<\/strong> steigern.<\/p>\n                    <a class=\"blue-btn\" href=\"\/office-furniture\">Weiterlessen<\/a>\r\n                <\/div> \r\n            <\/div>\r\n            <\/div>\r\n<\/section>\n\n<section class=\"tekst-afbeelding-blok\" style=\"background-image:url(); \">\n   <div class=\"container\">\n        <div class=\"text-left\">\n                            <h3><span style=\"color:#677289;\">Bitte nehmen Sie Platz<\/span>  <br>A custom-made one.<\/h3>\n                <hr>\n                        \n                                                <p>Ihr Unternehmen fertigt gro\u00dfartige Sitze \u2013 wir machen sie noch<em> besser.<\/em> Gemeinsam integrieren wir <strong>Heiz<\/strong>-, <strong>K\u00fchl<\/strong>&#8211; und <strong>Bel\u00fcftungssysteme<\/strong>, <strong>Lordosenst\u00fctzen <\/strong>und <strong>Massagefunktionen<\/strong>, um Ihren Kunden ein komfortableres, ges\u00fcnderes und produktiveres Sitzerlebnis zu erm\u00f6glichen \u2013 und das alles, ohne Kompromisse beim Design einzugehen.<\/p>\n<p>Wir sind mehr als nur ein Lieferant. Ja, wir bieten Standardkomponenten an. Aber in erster Linie sind wir Ihr <strong>Partner<\/strong> und entwickeln ma\u00dfgeschneiderte L\u00f6sungen, die perfekt auf Ihre individuellen Anforderungen abgestimmt sind.<\/p>\n<p>Teilen Sie uns Ihre W\u00fcnsche mit \u2013 wir setzen sie um.<\/p>\n                            \n                        \n            \n\n                        \n                            <a class=\"default-btn\" href=\"\/de\/contact\/\">Kontaktieren Sie uns<\/a>\n                    <\/div>\n        \n                    <div class=\"img-right\">\n                                    <img decoding=\"async\" src=\"https:\/\/comflair.com\/wp-content\/uploads\/2024\/10\/custom-made-one.png\">\n                            <\/div>\n            <\/div>\n<\/section>\n\n<section class=\"producten-overzicht-blok\">\r\n    <div class=\"container\">\r\n        <div class=\"products-content\">\r\n            <h3>Komfort direkt ab Lager<\/h3>\r\n            <p>Wir bieten Ihnen eine breite Palette an <em>Standardprodukten<\/em> und sorgen mit hohen Lagerbest\u00e4nden daf\u00fcr, dass Ihre Produktion jederzeit reibungslos weiterl\u00e4uft. <\/p>\n            <a class=\"default-btn\" href=\"https:\/\/comflair.com\/de\/contact\/\">Kontaktieren Sie uns<\/a>\r\n        <\/div>\r\n        \r\n        <div class=\"products-slider\">\r\n            <div class=\"swiper-wrapper\">\r\n                                                    <div class=\"swiper-slide\" data-swiper-autoplay=\"2000\">\r\n                        <img decoding=\"async\" src=\"https:\/\/comflair.com\/wp-content\/uploads\/2024\/10\/CW02200-2-bewerkt.png\">\r\n                    <\/div>\r\n                                    <div class=\"swiper-slide\" data-swiper-autoplay=\"2000\">\r\n                        <img decoding=\"async\" src=\"https:\/\/comflair.com\/wp-content\/uploads\/2024\/10\/Comflair2021-0342-vrijstaand-kopie.png\">\r\n                    <\/div>\r\n                                    <div class=\"swiper-slide\" data-swiper-autoplay=\"2000\">\r\n                        <img decoding=\"async\" src=\"https:\/\/comflair.com\/wp-content\/uploads\/2024\/10\/Standaard-handpomp-bewerkt-kopie.png\">\r\n                    <\/div>\r\n                                    <div class=\"swiper-slide\" data-swiper-autoplay=\"2000\">\r\n                        <img decoding=\"async\" src=\"https:\/\/comflair.com\/wp-content\/uploads\/2024\/10\/HO16037PU-vrijstaand-kopie.png\">\r\n                    <\/div>\r\n                                    <div class=\"swiper-slide\" data-swiper-autoplay=\"2000\">\r\n                        <img decoding=\"async\" src=\"https:\/\/comflair.com\/wp-content\/uploads\/2024\/10\/Controlbox-wellness-2.0-2-vrijstaand-kopie.png\">\r\n                    <\/div>\r\n                            <\/div>\r\n        <\/div>\r\n\r\n    <\/div>\r\n<\/section>\n\n<section class=\"tekst-afbeelding-blok\" style=\"background-image:url(); \">\n   <div class=\"container align-right\">\n        <div class=\"text-left\">\n                            <h3>Holen Sie die Holl\u00e4nder mit ins Boot<\/h3>\n                <hr>\n                        \n                                                <p>Wenn es um Sitze geht, m\u00f6chten Sie es Ihren Kunden so bequem wie m\u00f6glich machen. Komfortfunktionen wie Sitzheizung, Massage oder Bel\u00fcftung machen den Unterschied? Aber wie lassen sich diese <em>Wellness<\/em>-Funktionen optimal integrieren? Und was ist mit der Verkabelung?<\/p>\n<p>Seit 2000 liefern wir Antworten auf genau diese Fragen \u2013 mit durchdachten, praktischen L\u00f6sungen. Wir sind Comflair, ein holl\u00e4ndisches Familienunternehmen.<\/p>\n<p>Erfahren Sie mehr \u00fcber uns und unsere Expertise \u2013 <strong>f\u00fcr Sitze, die einfach perfekt sind<\/strong>.<\/p>\n                            \n                        \n            \n\n                        \n                            <a class=\"blue-btn\" href=\"https:\/\/comflair.com\/de\/about-us\/\">Wer ist Comflair?<\/a>\n                    <\/div>\n        \n                    <div class=\"img-right\">\n                                    <img decoding=\"async\" src=\"https:\/\/comflair.com\/wp-content\/uploads\/2024\/10\/mid-adult-engineer-young-worker-cooperating-while-analyzing-reports-steel-factory.png\">\n                            <\/div>\n            <\/div>\n<\/section>","protected":false},"excerpt":{"rendered":"","protected":false},"author":2,"featured_media":0,"parent":0,"menu_order":1,"comment_status":"closed","ping_status":"closed","template":"","meta":{"_acf_changed":false,"footnotes":""},"class_list":["post-894","page","type-page","status-publish","hentry"],"acf":[],"_links":{"self":[{"href":"https:\/\/comflair.com\/de\/wp-json\/wp\/v2\/pages\/894","targetHints":{"allow":["GET"]}}],"collection":[{"href":"https:\/\/comflair.com\/de\/wp-json\/wp\/v2\/pages"}],"about":[{"href":"https:\/\/comflair.com\/de\/wp-json\/wp\/v2\/types\/page"}],"author":[{"embeddable":true,"href":"https:\/\/comflair.com\/de\/wp-json\/wp\/v2\/users\/2"}],"replies":[{"embeddable":true,"href":"https:\/\/comflair.com\/de\/wp-json\/wp\/v2\/comments?post=894"}],"version-history":[{"count":14,"href":"https:\/\/comflair.com\/de\/wp-json\/wp\/v2\/pages\/894\/revisions"}],"predecessor-version":[{"id":11399,"href":"https:\/\/comflair.com\/de\/wp-json\/wp\/v2\/pages\/894\/revisions\/11399"}],"wp:attachment":[{"href":"https:\/\/comflair.com\/de\/wp-json\/wp\/v2\/media?parent=894"}],"curies":[{"name":"wp","href":"https:\/\/api.w.org\/{rel}","templated":true}]}}