{"id":897,"date":"2024-10-17T09:11:10","date_gmt":"2024-10-17T09:11:10","guid":{"rendered":"https:\/\/comflair.afo-staging.nl\/about-us\/"},"modified":"2025-03-27T14:49:14","modified_gmt":"2025-03-27T14:49:14","slug":"about-us","status":"publish","type":"page","link":"https:\/\/comflair.com\/de\/about-us\/","title":{"rendered":"\u00dcber uns"},"content":{"rendered":"<section class=\"header-blok\">\n    <div class=\"header-image\" style=\" background-image:url(https:\/\/comflair.com\/wp-content\/uploads\/2024\/10\/mid-adult-engineer-young-worker-cooperating-while-analyzing-reports-steel-factory-1.png); \">\n        <div class=\"header-default-bg \">\n            <div class=\"container header-flex\">\n                <div class=\"title-desc\">\n                    <h1>Wie alles begann \u2013 Die Geschichte von Comflair<\/h1>\n                                    <\/div>\n\n                                    <div class=\"subtitle-button\">\n                        \n                                            <\/div>\n                            <\/div>\n        <\/div>\n    <\/div>\n<\/section>\n\n<section class=\"tekst-met-quote-blok\">\n   <div class=\"container\">\n        <div class=\"description\">            \n                            <p><strong>Alles begann mit aufblasbaren Lordosenst\u00fctzen \u2013 daher das \u201eAir\u201c in Comflair. Und nat\u00fcrlich steht \u201e<em>Comf<\/em>\u201c f\u00fcr Komfort. Doch woher kommt das \u201eL\u201c? Gesch\u00e4ftsf\u00fchrer Jilgert Lammers vermutet, dass seine Mutter etwas \u201e<em>Flair<\/em>\u201c hinzuf\u00fcgen wollte \u2013 wie sie es so oft tut. So entstand im Jahr 2000 das Familienunternehmen Comflair.<\/strong><\/p>\n<h3>Der Start im Jahr 2000<\/h3>\n<p>Leo Lammers entdeckte eine Marktl\u00fccke: die Belieferung von Sitzherstellern mit <strong>aufblasbaren Lordosenst\u00fctzen<\/strong>. Die Firma wuchs kontinuierlich und 2009 trat sein Sohn Jilgert in das Familienunternehmen ein.<\/p>\n<p>Mit seiner Leidenschaft f\u00fcr Elektronik steuerte Jilgert entscheidende Impulse bei \u2013 genau zu der Zeit, als Kunden nach fortschrittlicheren Komfortl\u00f6sungen wie Sitzheizungen, Massagesystemen und v<a href=\"https:\/\/comflair.com\/de\/recliner-mechanisms\/\">erstellbaren Mechanismen<\/a> verlangten.<\/p>\n<h3>Die Marktl\u00fccke \u2013 und unsere L\u00f6sung<\/h3>\n<p>Comflair stellte fest, dass viele Zulieferer Komfortsysteme ausschlie\u00dflich bei sehr gro\u00dfen Bestellmengen entwickelten. F\u00fcr Kunden in kleineren M\u00e4rkten, wie dem Luxussegment oder Spezialanwendungen (z. B. Sitze f\u00fcr schwere Maschinen), war dieses Modell jedoch ungeeignet.<\/p>\n<h3>Genau hier erkannte Comflair eine Chance.<\/h3>\n<p>Wie Jilgert es ausdr\u00fcckt:<\/p>\n            \n                            <svg xmlns=\"http:\/\/www.w3.org\/2000\/svg\" width=\"100\" height=\"200\" viewBox=\"0 0 133 133\">\n                    <text id=\"_\" data-name=\"\u201c\" fill=\"#ea960f\" font-size=\"400\" font-family=\"BebasNeueBold, Bebas Neue\" opacity=\"0.15\"><tspan x=\"0\" y=\"360\">\u201c<\/tspan><\/text>\n                <\/svg>\n                <span class=\"quote-text\">\n                    <p><em>&#8222;Wir m\u00f6chten geeignete Komfortsysteme f\u00fcr alle und jeden entwickeln und liefern \u2013 und das ohne die H\u00fcrde hoher Mindestbestellmengen.\u201c<\/em><\/p>\n                <\/span>\n                    <\/div>\n\t   \n\t   <div class=\"image\"> \n\t\t   <img decoding=\"async\" src=\"https:\/\/comflair.com\/wp-content\/uploads\/2024\/10\/Comflair-Product-20140406.png\">\n\t   <\/div>\n\t   \n    <\/div>\n<\/section>\n\n<section class=\"tekst-afbeelding-blok bg-image\" style=\"background-image:url(https:\/\/comflair.com\/wp-content\/uploads\/2024\/10\/mid-adult-engineer-young-worker-cooperating-while-analyzing-reports-steel-factory-1.png); \">\n   <div class=\"container\">\n        <div class=\"text-left\">\n                            <h3>Unser Ansatz bei Comflair<\/h3>\n                <hr>\n                        \n            \n                        \n                        <table>\n                                    <tr>\n                                                <td><span>Individuelle L\u00f6sungen: Wir entwickeln Komfortsysteme, die optimal auf Ihre Sitze abgestimmt sind.<\/span><\/td>\n                    <\/tr>\n                                    <tr>\n                                                <td><span>Ma\u00dfgeschneiderte Produkte: Bei Bedarf entwerfen wir eine speziell angepasste L\u00f6sung mit genau den gew\u00fcnschten Funktionen.<\/span><\/td>\n                    <\/tr>\n                                    <tr>\n                                                <td><span>Sie bringen Ihr Produkt auf den Markt.<\/span><\/td>\n                    <\/tr>\n                                    <tr>\n                                                <td><span>Flexible Produktion: Dank vorr\u00e4tiger Materialien k\u00f6nnen wir schnell und effizient auf Ihre Anforderungen reagieren.<\/span><\/td>\n                    <\/tr>\n                                    <tr>\n                                                <td><span>Technischer Support: Unser Expertenteam steht Ihnen bei jedem Schritt mit Rat und Tat zur Seite.<\/span><\/td>\n                    <\/tr>\n                            <\/table>\n        \n\n                                                <p><strong>Mit diesem Ansatz gewinnen wir das Vertrauen unserer Kunden und legen die Grundlage f\u00fcr langfristige Partnerschaften. Daran hat sich seit unserer  <\/strong><strong>Gr\u00fcndung im Jahr 2000 nichts ge\u00e4ndert.<\/strong><\/p>\n                                        \n                    <\/div>\n        \n            <\/div>\n<\/section>\n\n<section class=\"categorieen-blok with-bg\">\r\n\r\n            <h3>In diesen drei Kernm\u00e4rkten hat sich Comflair als zuverl\u00e4ssiger Partner etabliert..<\/h3>\r\n    \r\n    <div class=\"container\"> \r\n                            <div class=\"category-item\">\r\n                <a href=\"\/automotive\">\r\n                    <img decoding=\"async\" src=\"https:\/\/comflair.com\/wp-content\/uploads\/2024\/10\/automotive.png\">\r\n                <\/a>\r\n                <div class=\"category-content\">\r\n                    <a class=\"title-link\" href=\"\/automotive\">\r\n                        <h4>Automotive<\/h4>\r\n                    <\/a>\r\n                    <p>Ein Fahrersitz muss maximalen Komfort bieten \u2013 besonders im professionellen Einsatz. Als Produzent von Sitzen f\u00fcr Autos, Busse oder auch Spezialfahrzeuge m\u00fcssen sie Sitze entwickeln, die <strong>h\u00f6chsten Anforderungen<\/strong> gerecht werden. Wir unterst\u00fctzen Sie dabei!<\/p>\n                    <a class=\"blue-btn\" href=\"\/automotive\">Here&#8217;s how<\/a>\r\n                <\/div> \r\n            <\/div>\r\n                    <div class=\"category-item\">\r\n                <a href=\"\/home-furniture\">\r\n                    <img decoding=\"async\" src=\"https:\/\/comflair.com\/wp-content\/uploads\/2024\/10\/home-furniture.png\">\r\n                <\/a>\r\n                <div class=\"category-content\">\r\n                    <a class=\"title-link\" href=\"\/home-furniture\">\r\n                        <h4>Sitzm\u00f6bel<\/h4>\r\n                    <\/a>\r\n                    <p>Elegante oder <em>luxuri\u00f6se<\/em> M\u00f6bel? Bei allem gibt es einen Unterschied \u2013 und diesen definieren wir gemeinsam mit Ihnen. Zusammen statten wir Ihre Sitzm\u00f6bel mit Funktionen wie Heiz-, Massage- und Lordosenst\u00fctze aus, erg\u00e4nzt durch eine <strong>benutzerfreundliche <\/strong>und intuitive Steuerung.<\/p>\n                    <a class=\"blue-btn\" href=\"\/home-furniture\">Weiterlessen<\/a>\r\n                <\/div> \r\n            <\/div>\r\n                    <div class=\"category-item\">\r\n                <a href=\"\/office-furniture\">\r\n                    <img decoding=\"async\" src=\"https:\/\/comflair.com\/wp-content\/uploads\/2024\/10\/office-furniture.png\">\r\n                <\/a>\r\n                <div class=\"category-content\">\r\n                    <a class=\"title-link\" href=\"\/office-furniture\">\r\n                        <h4>B\u00fcrom\u00f6bel<\/h4>\r\n                    <\/a>\r\n                    <p>Den ganzen Tag auf einem B\u00fcrostuhl zu sitzen ist ungesund \u2013 doch leider oft Realit\u00e4t in der Arbeitswelt. Wir unterst\u00fctzen B\u00fcrostuhlhersteller dabei,<strong> St\u00fchle zu entwickeln,<\/strong> die eine bessere Sitzposition f\u00f6rdern und das Wohlbefinden steigern.<\/p>\n                    <a class=\"blue-btn\" href=\"\/office-furniture\">Weiterlessen<\/a>\r\n                <\/div> \r\n            <\/div>\r\n            <\/div>\r\n<\/section>\n\n<section class=\"contact-opnemen-blok  kolom\">\n    <div class=\"container contact-blok\">\n        \n        <div class=\"contact-text\">\n            <h3>Sitzen Sie bequem?<\/h3>\n            <p>M\u00f6chten Sie Ihren Kunden mehr Komfort bieten? Kontaktieren Sie uns gerne telefonisch oder \u00fcber das untenstehende Formular. Wir <strong>setzen uns zeitnah mit Ihnen in Verbindung<\/strong>, um Ihre Pl\u00e4ne und Herausforderungen gemeinsam zu besprechen.<\/p>\n        <\/div>\n\n        <div class=\"contact-form\">\n                        \n<div class=\"wpcf7 no-js\" id=\"wpcf7-f3561-o1\" lang=\"de-DE\" dir=\"ltr\" data-wpcf7-id=\"3561\">\n<div class=\"screen-reader-response\"><p role=\"status\" aria-live=\"polite\" aria-atomic=\"true\"><\/p> <ul><\/ul><\/div>\n<form action=\"\/de\/wp-json\/wp\/v2\/pages\/897#wpcf7-f3561-o1\" method=\"post\" class=\"wpcf7-form init\" aria-label=\"Kontaktformular\" novalidate=\"novalidate\" data-status=\"init\">\n<fieldset class=\"hidden-fields-container\"><input type=\"hidden\" name=\"_wpcf7\" value=\"3561\" \/><input type=\"hidden\" name=\"_wpcf7_version\" value=\"6.1.4\" \/><input type=\"hidden\" name=\"_wpcf7_locale\" value=\"de_DE\" \/><input type=\"hidden\" name=\"_wpcf7_unit_tag\" value=\"wpcf7-f3561-o1\" \/><input type=\"hidden\" name=\"_wpcf7_container_post\" value=\"0\" \/><input type=\"hidden\" name=\"_wpcf7_posted_data_hash\" value=\"\" \/><input type=\"hidden\" name=\"_wpcf7_recaptcha_response\" value=\"\" \/>\n<\/fieldset>\n<div class=\"flex-form\">\n\t<div class=\"half\">\n\t\t<p><span class=\"wpcf7-form-control-wrap\" data-name=\"your-firstname\"><input size=\"40\" maxlength=\"400\" class=\"wpcf7-form-control wpcf7-text wpcf7-validates-as-required\" autocomplete=\"name\" aria-required=\"true\" aria-invalid=\"false\" placeholder=\"Vorname*\" value=\"\" type=\"text\" name=\"your-firstname\" \/><\/span>\n\t\t<\/p>\n\t<\/div>\n\t<div class=\"half\">\n\t\t<p><span class=\"wpcf7-form-control-wrap\" data-name=\"your-lastname\"><input size=\"40\" maxlength=\"400\" class=\"wpcf7-form-control wpcf7-text wpcf7-validates-as-required\" autocomplete=\"name\" aria-required=\"true\" aria-invalid=\"false\" placeholder=\"Nachname*\" value=\"\" type=\"text\" name=\"your-lastname\" \/><\/span>\n\t\t<\/p>\n\t<\/div>\n\t<div class=\"full\">\n\t\t<p><span class=\"wpcf7-form-control-wrap\" data-name=\"your-company\"><input size=\"40\" maxlength=\"400\" class=\"wpcf7-form-control wpcf7-text wpcf7-validates-as-required\" aria-required=\"true\" aria-invalid=\"false\" placeholder=\"Firmenname*\" value=\"\" type=\"text\" name=\"your-company\" \/><\/span>\n\t\t<\/p>\n\t<\/div>\n\t<div class=\"full\">\n\t\t<p><span class=\"wpcf7-form-control-wrap\" data-name=\"your-phone\"><input size=\"40\" maxlength=\"400\" class=\"wpcf7-form-control wpcf7-text wpcf7-validates-as-required\" aria-required=\"true\" aria-invalid=\"false\" placeholder=\"Telefonnummer*\" value=\"\" type=\"text\" name=\"your-phone\" \/><\/span>\n\t\t<\/p>\n\t<\/div>\n\t<div class=\"full\">\n\t\t<p><span class=\"wpcf7-form-control-wrap\" data-name=\"your-email\"><input size=\"40\" maxlength=\"400\" class=\"wpcf7-form-control wpcf7-email wpcf7-validates-as-required wpcf7-text wpcf7-validates-as-email\" aria-required=\"true\" aria-invalid=\"false\" placeholder=\"E-Mail-Adresse*\" value=\"\" type=\"email\" name=\"your-email\" \/><\/span>\n\t\t<\/p>\n\t<\/div>\n\t<div class=\"full\">\n\t\t<p><span class=\"wpcf7-form-control-wrap\" data-name=\"your-message\"><textarea cols=\"40\" rows=\"10\" maxlength=\"2000\" class=\"wpcf7-form-control wpcf7-textarea\" aria-invalid=\"false\" placeholder=\"Nachricht\" name=\"your-message\"><\/textarea><\/span>\n\t\t<\/p>\n\t<\/div>\n\t<div class=\"full\">\n\t\t<p><span class=\"default-btn\"><input class=\"wpcf7-form-control wpcf7-submit has-spinner\" type=\"submit\" value=\"Senden\" \/><\/span>\n\t\t<\/p>\n\t<\/div>\n<\/div><div class=\"wpcf7-response-output\" aria-hidden=\"true\"><\/div>\n<\/form>\n<\/div>\n        <\/div>\n\n    <\/div>\n<\/section>","protected":false},"excerpt":{"rendered":"","protected":false},"author":2,"featured_media":0,"parent":0,"menu_order":6,"comment_status":"closed","ping_status":"closed","template":"","meta":{"_acf_changed":false,"footnotes":""},"class_list":["post-897","page","type-page","status-publish","hentry"],"acf":[],"_links":{"self":[{"href":"https:\/\/comflair.com\/de\/wp-json\/wp\/v2\/pages\/897","targetHints":{"allow":["GET"]}}],"collection":[{"href":"https:\/\/comflair.com\/de\/wp-json\/wp\/v2\/pages"}],"about":[{"href":"https:\/\/comflair.com\/de\/wp-json\/wp\/v2\/types\/page"}],"author":[{"embeddable":true,"href":"https:\/\/comflair.com\/de\/wp-json\/wp\/v2\/users\/2"}],"replies":[{"embeddable":true,"href":"https:\/\/comflair.com\/de\/wp-json\/wp\/v2\/comments?post=897"}],"version-history":[{"count":32,"href":"https:\/\/comflair.com\/de\/wp-json\/wp\/v2\/pages\/897\/revisions"}],"predecessor-version":[{"id":3579,"href":"https:\/\/comflair.com\/de\/wp-json\/wp\/v2\/pages\/897\/revisions\/3579"}],"wp:attachment":[{"href":"https:\/\/comflair.com\/de\/wp-json\/wp\/v2\/media?parent=897"}],"curies":[{"name":"wp","href":"https:\/\/api.w.org\/{rel}","templated":true}]}}