{"id":899,"date":"2024-04-09T08:51:39","date_gmt":"2024-04-09T08:51:39","guid":{"rendered":"https:\/\/comflair.afo-staging.nl\/contact\/"},"modified":"2025-10-13T18:37:59","modified_gmt":"2025-10-13T18:37:59","slug":"contact","status":"publish","type":"page","link":"https:\/\/comflair.com\/de\/contact\/","title":{"rendered":"Kontakt"},"content":{"rendered":"<section class=\"header-blok\">\n    <div class=\"header-image\" style=\"\">\n        <div class=\"header-default-bg \">\n            <div class=\"container header-flex\">\n                <div class=\"title-desc\">\n                    <h1>Kontakt<\/h1>\n                                            <p>Sind Sie neugierig, wie wir Ihren sitzen noch komfortabler machen k\u00f6nnen? Rufen Sie uns an oder F\u00fcllen Sie einfach das untenstehende Formular aus, dann setzen wir uns schnellstm\u00f6glich mit Ihnen in Verbindung.  <\/p>\n                                    <\/div>\n\n                                    <div class=\"subtitle-button\">\n                        \n                                            <\/div>\n                            <\/div>\n        <\/div>\n    <\/div>\n<\/section>\n\n<section class=\"contact-opnemen-blok \">\n    <div class=\"container contact-blok links\">\n        \n        <div class=\"contact-text\">\n            <h3>Unsere Kontaktdaten<\/h3>\n            <p>Comflair B.V.<br \/>\nDe Koppeling 7<br \/>\n6986 CS Angerlo<br \/>\nNiederlande<\/p>\n<p><strong>T.<\/strong> <a class=\"footer-menu-item\" href=\"tel:+310313650271\">+31(0)313 \u2013 65 02 71<\/a><br \/>\n<strong>E.<\/strong> <a href=\"mailto:info@comflair.nl\" target=\"_blank\" rel=\"noopener\">info@comflair.nl<\/a><\/p>\n<p><strong>Handelskammer:<\/strong> 86863746<br \/>\n<strong>USt-id.:<\/strong> NL864122019B01<\/p>\n<p><iframe loading=\"lazy\" style=\"border: 0;\" src=\"https:\/\/www.google.com\/maps\/embed?pb=!1m18!1m12!1m3!1d2456.446146777997!2d6.141245877561663!3d51.99874777468956!2m3!1f0!2f0!3f0!3m2!1i1024!2i768!4f13.1!3m3!1m2!1s0x47c799a5508680d5%3A0xf1204f5fb5dddea!2sDe%20Koppeling%207%2C%206986%20CS%20Angerlo!5e0!3m2!1snl!2snl!4v1730112697732!5m2!1snl!2snl\" width=\"600px\" height=\"450\" allowfullscreen=\"allowfullscreen\"><\/iframe><\/p>\n        <\/div>\n\n        <div class=\"contact-form\">\n                        \n<div class=\"wpcf7 no-js\" id=\"wpcf7-f3561-o1\" lang=\"de-DE\" dir=\"ltr\" data-wpcf7-id=\"3561\">\n<div class=\"screen-reader-response\"><p role=\"status\" aria-live=\"polite\" aria-atomic=\"true\"><\/p> <ul><\/ul><\/div>\n<form action=\"\/de\/wp-json\/wp\/v2\/pages\/899#wpcf7-f3561-o1\" method=\"post\" class=\"wpcf7-form init\" aria-label=\"Kontaktformular\" novalidate=\"novalidate\" data-status=\"init\">\n<fieldset class=\"hidden-fields-container\"><input type=\"hidden\" name=\"_wpcf7\" value=\"3561\" \/><input type=\"hidden\" name=\"_wpcf7_version\" value=\"6.1.4\" \/><input type=\"hidden\" name=\"_wpcf7_locale\" value=\"de_DE\" \/><input type=\"hidden\" name=\"_wpcf7_unit_tag\" value=\"wpcf7-f3561-o1\" \/><input type=\"hidden\" name=\"_wpcf7_container_post\" value=\"0\" \/><input type=\"hidden\" name=\"_wpcf7_posted_data_hash\" value=\"\" \/><input type=\"hidden\" name=\"_wpcf7_recaptcha_response\" value=\"\" \/>\n<\/fieldset>\n<div class=\"flex-form\">\n\t<div class=\"half\">\n\t\t<p><span class=\"wpcf7-form-control-wrap\" data-name=\"your-firstname\"><input size=\"40\" maxlength=\"400\" class=\"wpcf7-form-control wpcf7-text wpcf7-validates-as-required\" autocomplete=\"name\" aria-required=\"true\" aria-invalid=\"false\" placeholder=\"Vorname*\" value=\"\" type=\"text\" name=\"your-firstname\" \/><\/span>\n\t\t<\/p>\n\t<\/div>\n\t<div class=\"half\">\n\t\t<p><span class=\"wpcf7-form-control-wrap\" data-name=\"your-lastname\"><input size=\"40\" maxlength=\"400\" class=\"wpcf7-form-control wpcf7-text wpcf7-validates-as-required\" autocomplete=\"name\" aria-required=\"true\" aria-invalid=\"false\" placeholder=\"Nachname*\" value=\"\" type=\"text\" name=\"your-lastname\" \/><\/span>\n\t\t<\/p>\n\t<\/div>\n\t<div class=\"full\">\n\t\t<p><span class=\"wpcf7-form-control-wrap\" data-name=\"your-company\"><input size=\"40\" maxlength=\"400\" class=\"wpcf7-form-control wpcf7-text wpcf7-validates-as-required\" aria-required=\"true\" aria-invalid=\"false\" placeholder=\"Firmenname*\" value=\"\" type=\"text\" name=\"your-company\" \/><\/span>\n\t\t<\/p>\n\t<\/div>\n\t<div class=\"full\">\n\t\t<p><span class=\"wpcf7-form-control-wrap\" data-name=\"your-phone\"><input size=\"40\" maxlength=\"400\" class=\"wpcf7-form-control wpcf7-text wpcf7-validates-as-required\" aria-required=\"true\" aria-invalid=\"false\" placeholder=\"Telefonnummer*\" value=\"\" type=\"text\" name=\"your-phone\" \/><\/span>\n\t\t<\/p>\n\t<\/div>\n\t<div class=\"full\">\n\t\t<p><span class=\"wpcf7-form-control-wrap\" data-name=\"your-email\"><input size=\"40\" maxlength=\"400\" class=\"wpcf7-form-control wpcf7-email wpcf7-validates-as-required wpcf7-text wpcf7-validates-as-email\" aria-required=\"true\" aria-invalid=\"false\" placeholder=\"E-Mail-Adresse*\" value=\"\" type=\"email\" name=\"your-email\" \/><\/span>\n\t\t<\/p>\n\t<\/div>\n\t<div class=\"full\">\n\t\t<p><span class=\"wpcf7-form-control-wrap\" data-name=\"your-message\"><textarea cols=\"40\" rows=\"10\" maxlength=\"2000\" class=\"wpcf7-form-control wpcf7-textarea\" aria-invalid=\"false\" placeholder=\"Nachricht\" name=\"your-message\"><\/textarea><\/span>\n\t\t<\/p>\n\t<\/div>\n\t<div class=\"full\">\n\t\t<p><span class=\"default-btn\"><input class=\"wpcf7-form-control wpcf7-submit has-spinner\" type=\"submit\" value=\"Senden\" \/><\/span>\n\t\t<\/p>\n\t<\/div>\n<\/div><div class=\"wpcf7-response-output\" aria-hidden=\"true\"><\/div>\n<\/form>\n<\/div>\n        <\/div>\n\n    <\/div>\n<\/section>","protected":false},"excerpt":{"rendered":"","protected":false},"author":2,"featured_media":0,"parent":0,"menu_order":7,"comment_status":"closed","ping_status":"closed","template":"","meta":{"_acf_changed":false,"footnotes":""},"class_list":["post-899","page","type-page","status-publish","hentry"],"acf":[],"_links":{"self":[{"href":"https:\/\/comflair.com\/de\/wp-json\/wp\/v2\/pages\/899","targetHints":{"allow":["GET"]}}],"collection":[{"href":"https:\/\/comflair.com\/de\/wp-json\/wp\/v2\/pages"}],"about":[{"href":"https:\/\/comflair.com\/de\/wp-json\/wp\/v2\/types\/page"}],"author":[{"embeddable":true,"href":"https:\/\/comflair.com\/de\/wp-json\/wp\/v2\/users\/2"}],"replies":[{"embeddable":true,"href":"https:\/\/comflair.com\/de\/wp-json\/wp\/v2\/comments?post=899"}],"version-history":[{"count":6,"href":"https:\/\/comflair.com\/de\/wp-json\/wp\/v2\/pages\/899\/revisions"}],"predecessor-version":[{"id":11401,"href":"https:\/\/comflair.com\/de\/wp-json\/wp\/v2\/pages\/899\/revisions\/11401"}],"wp:attachment":[{"href":"https:\/\/comflair.com\/de\/wp-json\/wp\/v2\/media?parent=899"}],"curies":[{"name":"wp","href":"https:\/\/api.w.org\/{rel}","templated":true}]}}