{"id":902,"date":"2024-10-17T09:11:03","date_gmt":"2024-10-17T09:11:03","guid":{"rendered":"https:\/\/comflair.afo-staging.nl\/recliner-mechanisms\/"},"modified":"2025-09-29T08:28:19","modified_gmt":"2025-09-29T08:28:19","slug":"recliner-mechanisms","status":"publish","type":"page","link":"https:\/\/comflair.com\/de\/recliner-mechanisms\/","title":{"rendered":"Relaxsessel Beschl\u00e4ge"},"content":{"rendered":"<section class=\"header-blok\">\n    <div class=\"header-image\" style=\" background-image:url(https:\/\/comflair.com\/wp-content\/uploads\/2024\/10\/Pose-left-TV-Pos2.png); \">\n        <div class=\"header-default-bg \">\n            <div class=\"container header-flex\">\n                <div class=\"title-desc\">\n                    <h1>Comflair ist Handelsvertreter von Confer in den BeNeLux-L\u00e4ndern<\/h1>\n                                    <\/div>\n\n                                    <div class=\"subtitle-button\">\n                        \n                                            <\/div>\n                            <\/div>\n        <\/div>\n    <\/div>\n<\/section>\n\n<section class=\"tekst-afbeelding-blok\" style=\"background-image:url(); \">\n   <div class=\"container\">\n        <div class=\"text-left\">\n                            <h3>Confers Mission ist die Entwicklung hochwertiger und moderner Mechaniken f\u00fcr Polsterm\u00f6bel<\/h3>\n                <hr>\n                        \n                                                <p>Mit \u00fcber 30-j\u00e4hriger Erfahrung und dem st\u00e4ndigen Streben nach technischer Perfektion ist Confer inzwischen aus den urspr\u00fcnglichen Anf\u00e4ngen als kleines Konstruktionsb\u00fcro zu einem internationalen Anbieter hochwertiger Bewegungselemente geworden. Kernkompetenz von confer ist die Entwicklung und Lieferung von Funktionsbeschl\u00e4gen f\u00fcr die Polsterm\u00f6belindustrie. <\/p>\n                            \n                        \n            \n\n                        \n                            <a class=\"default-btn\" href=\"https:\/\/www.confer-gmbh.de\/en\/\" target=\"_blank\" rel=\"noopener\">Besuchen Sie ihre Website<\/a>\n                    <\/div>\n        \n                    <div class=\"img-right\">\n                                    <img decoding=\"async\" src=\"https:\/\/comflair.com\/wp-content\/uploads\/2024\/11\/stoelgedoe-1.webp\">\n                            <\/div>\n            <\/div>\n<\/section>","protected":false},"excerpt":{"rendered":"","protected":false},"author":2,"featured_media":0,"parent":0,"menu_order":5,"comment_status":"closed","ping_status":"closed","template":"","meta":{"_acf_changed":false,"footnotes":""},"class_list":["post-902","page","type-page","status-publish","hentry"],"acf":[],"_links":{"self":[{"href":"https:\/\/comflair.com\/de\/wp-json\/wp\/v2\/pages\/902","targetHints":{"allow":["GET"]}}],"collection":[{"href":"https:\/\/comflair.com\/de\/wp-json\/wp\/v2\/pages"}],"about":[{"href":"https:\/\/comflair.com\/de\/wp-json\/wp\/v2\/types\/page"}],"author":[{"embeddable":true,"href":"https:\/\/comflair.com\/de\/wp-json\/wp\/v2\/users\/2"}],"replies":[{"embeddable":true,"href":"https:\/\/comflair.com\/de\/wp-json\/wp\/v2\/comments?post=902"}],"version-history":[{"count":10,"href":"https:\/\/comflair.com\/de\/wp-json\/wp\/v2\/pages\/902\/revisions"}],"predecessor-version":[{"id":11210,"href":"https:\/\/comflair.com\/de\/wp-json\/wp\/v2\/pages\/902\/revisions\/11210"}],"wp:attachment":[{"href":"https:\/\/comflair.com\/de\/wp-json\/wp\/v2\/media?parent=902"}],"curies":[{"name":"wp","href":"https:\/\/api.w.org\/{rel}","templated":true}]}}